{"id":37,"date":"2019-08-29T21:54:49","date_gmt":"2019-08-29T19:54:49","guid":{"rendered":"http:\/\/ndutupai.hypotheses.org\/?page_id=37"},"modified":"2022-03-10T17:39:24","modified_gmt":"2022-03-10T17:39:24","slug":"publicaciones","status":"publish","type":"page","link":"https:\/\/ndutupai.hypotheses.linhd.uned.es\/?page_id=37","title":{"rendered":"Publicaciones"},"content":{"rendered":"<p>[et_pb_section fb_built=&#8221;1&#8243; fullwidth=&#8221;on&#8221; _builder_version=&#8221;4.4.7&#8243;][et_pb_fullwidth_slider _builder_version=&#8221;4.4.7&#8243; background_image=&#8221;https:\/\/ndutupai.hypotheses.linhd.uned.es\/wp-content\/uploads\/2022\/02\/Foto-10-scaled.jpg&#8221; link_option_url=&#8221;http:\/\/www.researchgate.net\/publication\/346324959_Lithic_Technology_in_the_Earliest_Later_Stone_age_at_Nasera_Rockshelter_Tanzania&#8221; link_option_url_new_window=&#8221;on&#8221; hover_enabled=&#8221;0&#8243;][et_pb_slide heading=&#8221;PUBLICACIONES &#8221; button_text=&#8221;LEER&#8221; button_link=&#8221;https:\/\/www.researchgate.net\/publication\/346324959_Lithic_Technology_in_the_Earliest_Later_Stone_age_at_Nasera_Rockshelter_Tanzania&#8221; url_new_window=&#8221;on&#8221; _builder_version=&#8221;4.4.7&#8243; body_font_size=&#8221;26px&#8221; background_image=&#8221;https:\/\/ndutupai.hypotheses.linhd.uned.es\/wp-content\/uploads\/2022\/02\/Foto-9-Fauna-de-VCS-scaled.jpg&#8221; background_enable_image=&#8221;on&#8221; link_option_url=&#8221;https:\/\/www.researchgate.net\/publication\/346324959_Lithic_Technology_in_the_Earliest_Later_Stone_age_at_Nasera_Rockshelter_Tanzania&#8221; link_option_url_new_window=&#8221;on&#8221; hover_enabled=&#8221;0&#8243;]<\/p>\n<p>\u00daltima publicaci\u00f3n del a\u00f1o 2021<\/p>\n<p>[\/et_pb_slide][et_pb_slide heading=&#8221;PUBLICACIONES&#8221; button_text=&#8221;LEER&#8221; button_link=&#8221;https:\/\/www.researchgate.net\/publication\/343886515_Revisiting_an_old_profile_an_updated_geoarchaeological_study_at_Nasera_Rockshelter_Tanzania&#8221; url_new_window=&#8221;on&#8221; _builder_version=&#8221;4.4.7&#8243; background_image=&#8221;https:\/\/ndutupai.hypotheses.linhd.uned.es\/wp-content\/uploads\/2022\/02\/Foto-7-litica-DGS_03-scaled.jpg&#8221; background_enable_image=&#8221;on&#8221; link_option_url=&#8221;http:\/\/www.researchgate.net\/publication\/343886515_Revisiting_an_old_profile_an_updated_geoarchaeological_study_at_Nasera_Rockshelter_Tanzania&#8221; link_option_url_new_window=&#8221;on&#8221; hover_enabled=&#8221;0&#8243; body_font_size=&#8221;26px&#8221;]<\/p>\n<p>\u00daltima publicaci\u00f3n del a\u00f1o 2020<\/p>\n<p>[\/et_pb_slide][\/et_pb_fullwidth_slider][\/et_pb_section][et_pb_section fb_built=&#8221;1&#8243; _builder_version=&#8221;3.22&#8243;][et_pb_row _builder_version=&#8221;3.25&#8243; background_size=&#8221;initial&#8221; background_position=&#8221;top_left&#8221; background_repeat=&#8221;repeat&#8221;][et_pb_column type=&#8221;4_4&#8243; _builder_version=&#8221;3.25&#8243; custom_padding=&#8221;|||&#8221; custom_padding__hover=&#8221;|||&#8221;][et_pb_text _builder_version=&#8221;4.4.7&#8243; background_size=&#8221;initial&#8221; background_position=&#8221;top_left&#8221; background_repeat=&#8221;repeat&#8221; hover_enabled=&#8221;0&#8243;]<\/p>\n<p><!-- divi:paragraph -->En esta secci\u00f3n encontrar\u00e1s los trabajos relacionados con el proyecto. Si deseas descargar alguna publicaci\u00f3n, haz clic en el enlace. Si no est\u00e1 disponible, solic\u00edtalo en Researchgate.\u00a0<\/p>\n<p><!-- \/divi:paragraph --> <!-- divi:paragraph {\"fontSize\":\"medium\"} --><\/p>\n<p class=\"has-medium-font-size\"><strong>2021<\/strong><\/p>\n<p><!-- \/divi:paragraph --> <!-- divi:paragraph -->Solano-Meg\u00edas I., Ma\u00edllo-Fern\u00e1ndez, J. M., Mar\u00edn, J.; Mart\u00edn-Perea, D., Mabulla, A. (2020). Lithic Technology in the Earliest Later Stone age at Nasera Rockshelter (Tanzania). <strong>Lithic Technology<\/strong>, DOI: 10.1080\/01977261.2020.1832180 <a href=\"http:\/\/www.researchgate.net\/publication\/346324959_Lithic_Technology_in_the_Earliest_Later_Stone_age_at_Nasera_Rockshelter_Tanzania\">http:\/\/www.researchgate.net\/publication\/346324959_Lithic_Technology_in_the_Earliest_Later_Stone_age_at_Nasera_Rockshelter_Tanzania<\/a>\u00a0<\/p>\n<p><!-- \/divi:paragraph --> <!-- divi:paragraph {\"fontSize\":\"medium\"} --><\/p>\n<p class=\"has-medium-font-size\"><strong>2020<\/strong><\/p>\n<p><!-- \/divi:paragraph --> <!-- divi:paragraph {\"align\":\"left\",\"fontSize\":\"normal\"} --><\/p>\n<p class=\"has-text-align-left has-normal-font-size\">Gonz\u00e1lez-Molina I, Jim\u00e9nez-Garc\u00eda B, Ma\u00edllo-Fern\u00e1ndez J-M, Baquedano E, Dom\u00ednguez Rodrigo M. 2020. Distinguishing Discoid and Centripetal Levallois methods through machine learning. <strong>PLoS ONE<\/strong> 15(12): e0244288. <a href=\"https:\/\/doi.org\/10.1371\/journal.pone.0244288\">http:\/\/doi.org\/10.1371\/journal.pone.0244288<\/a><\/p>\n<p><!-- \/divi:paragraph --> <!-- divi:paragraph {\"align\":\"left\",\"fontSize\":\"normal\"} --><\/p>\n<p class=\"has-text-align-left has-normal-font-size\">Mart\u00edn-Perea, D. M.; Ma\u00edllo-Fern\u00e1ndez, J. M.; Medialdea, A., Mar\u00edn, J., Solano-Meg\u00edas, I., Gidna, A., Mabulla, A. 2020.\u00a0Revisiting an old profile: an updated geoarchaeological study at Nasera Rockshelter (Tanzania).\u00a0<strong>Journal of Quaternary Science<\/strong>, 35(7): 951\u2013960. <a href=\"http:\/\/www.researchgate.net\/publication\/343886515_Revisiting_an_old_profile_an_updated_geoarchaeological_study_at_Nasera_Rockshelter_Tanzania\">http:\/\/www.researchgate.net\/publication\/343886515_Revisiting_an_old_profile_an_updated_geoarchaeological_study_at_Nasera_Rockshelter_Tanzania<\/a><\/p>\n<p><!-- \/divi:paragraph --> <!-- divi:paragraph {\"fontSize\":\"medium\"} --><\/p>\n<p class=\"has-medium-font-size\"><strong>2019<\/strong><\/p>\n<p><!-- \/divi:paragraph --> <!-- divi:paragraph -->Ma\u00edllo-Fern\u00e1ndez, J. M., Solano-Meg\u00edas, I., Mabulla, A., Arriaza, M. C., Bower, J. F. R. 2019. \u201cLithic Technology at Loiyangalani, a Late Middle Stone Age Site in the Serengeti, Tanzania\u201d.\u00a0<strong>African Archaeological Review<\/strong>\u00a036: 291\u2013315. <a href=\"http:\/\/www.researchgate.net\/publication\/333686975_Lithic_Technology_at_Loiyangalani_a_Late_Middle_Stone_Age_Site_in_the_Serengeti_Tanzania\">http:\/\/www.researchgate.net\/publication\/333686975_Lithic_Technology_at_Loiyangalani_a_Late_Middle_Stone_Age_Site_in_the_Serengeti_Tanzania<\/a>\u00a0<\/p>\n<p><!-- \/divi:paragraph --> <!-- divi:paragraph -->\u00a0Ma\u00edllo-Fern\u00e1ndez, J.-M., Mar\u00edn, J., Solano-Meg\u00edas, I., Uribelarrea, D., Mart\u00edn-Perea, D.M., Aramendi, J., Medialdea, A., Arteaga, C., Pernas-Hern\u00e1ndez, M., Gidna, A., Neogi, S., Baudot, E., Narv\u00e1ez, C.,\u00a0Mabulla, A.Z.P. 2019. Victoria Cabrera site: a Middle Stone Age site at Olduvai Gorge, Tanzania.\u00a0<strong>Quaternary International<\/strong>\u00a0526: 129-154. <a href=\"http:\/\/www.researchgate.net\/publication\/334750384_Victoria_Cabrera_Site_A_Middle_Stone_Age_site_at_Olduvai_Gorge_Tanzania\">http:\/\/www.researchgate.net\/publication\/334750384_Victoria_Cabrera_Site_A_Middle_Stone_Age_site_at_Olduvai_Gorge_Tanzania<\/a>\u00a0<\/p>\n<p><!-- \/divi:paragraph --> <!-- divi:paragraph -->Ma\u00edllo-Fern\u00e1ndez, J. M. 2019. El origen de <em>Homo sapiens<\/em> y la Middle Stone Age en el Norte de Tanzania. En Dom\u00ednguez-Solera, D. (coord.): Cuando empez\u00e1bamos a ser nosotr@s: : Curso sobre el Paleol\u00edtico Inferior y Medio a nivel mundial, Vol. II. UIMP <a href=\"http:\/\/www.researchgate.net\/publication\/339943507_El_origen_de_Homo_sapiens_y_la_Middle_Stone_Age_en_el_Norte_de_Tanzania\">http:\/\/www.researchgate.net\/publication\/339943507_El_origen_de_Homo_sapiens_y_la_Middle_Stone_Age_en_el_Norte_de_Tanzania<\/a>\u00a0<\/p>\n<p><!-- \/divi:paragraph --> <!-- divi:paragraph {\"fontSize\":\"medium\"} --><\/p>\n<p class=\"has-medium-font-size\"><strong>2018<\/strong><\/p>\n<p><!-- \/divi:paragraph --> <!-- divi:paragraph -->Ma\u00edllo-Fern\u00e1ndez, J.M., Solano-Meg\u00edas, I. 2018. La Middle Stone Age en el norte de Tanzania. Mitos y realidades. En: Septem! Homenaje a Alberto G\u00f3mez Castanedo. Editorial Acanto. <a href=\"http:\/\/www.researchgate.net\/publication\/330556828_La_Middle_Stone_Age_en_el_norte_de_Tanzania_Mitos_y_realidades\">http:\/\/www.researchgate.net\/publication\/330556828_La_Middle_Stone_Age_en_el_norte_de_Tanzania_Mitos_y_realidades<\/a>\u00a0<\/p>\n<p><!-- \/divi:paragraph --> <!-- divi:paragraph -->\u00a0<\/p>\n<p><!-- \/divi:paragraph --><\/p>\n<p>[\/et_pb_text][\/et_pb_column][\/et_pb_row][\/et_pb_section][et_pb_section fb_built=&#8221;1&#8243; _builder_version=&#8221;4.4.7&#8243;][\/et_pb_section]<\/p>\n","protected":false},"excerpt":{"rendered":"<p>\u00daltima publicaci\u00f3n del a\u00f1o 2021\u00daltima publicaci\u00f3n del a\u00f1o 2020 En esta secci\u00f3n encontrar\u00e1s los trabajos relacionados con el proyecto. Si deseas descargar alguna publicaci\u00f3n, haz clic en el enlace. Si no est\u00e1 disponible, solic\u00edtalo en Researchgate.\u00a0 2021 Solano-Meg\u00edas I., Ma\u00edllo-Fern\u00e1ndez, J. M., Mar\u00edn, J.; Mart\u00edn-Perea, D., Mabulla, A. (2020). Lithic Technology in the Earliest Later [&hellip;]<\/p>\n","protected":false},"author":2,"featured_media":0,"parent":0,"menu_order":0,"comment_status":"closed","ping_status":"closed","template":"","meta":{"_et_pb_use_builder":"on","_et_pb_old_content":"<!-- wp:paragraph -->\n<p>En esta secci\u00f3n encontrar\u00e1s los trabajos relacionados con el proyecto. Si deseas descargar alguna publicaci\u00f3n, haz clic en el enlace. Si no est\u00e1 disponible, solic\u00edtalo en Researchgate.<\/p>\n<!-- \/wp:paragraph -->\n\n<!-- wp:paragraph {\"fontSize\":\"medium\"} -->\n<p class=\"has-medium-font-size\"><strong>2021<\/strong><\/p>\n<!-- \/wp:paragraph -->\n\n<!-- wp:paragraph -->\n<p>Solano-Meg\u00edas I., Ma\u00edllo-Fern\u00e1ndez, J. M., Mar\u00edn, J.; Mart\u00edn-Perea, D., Mabulla, A. (2020). Lithic Technology in the Earliest Later Stone age at Nasera Rockshelter (Tanzania). <strong>Lithic Technology<\/strong>, DOI: 10.1080\/01977261.2020.1832180 <a href=\"http:\/\/www.researchgate.net\/publication\/346324959_Lithic_Technology_in_the_Earliest_Later_Stone_age_at_Nasera_Rockshelter_Tanzania\">http:\/\/www.researchgate.net\/publication\/346324959_Lithic_Technology_in_the_Earliest_Later_Stone_age_at_Nasera_Rockshelter_Tanzania<\/a><\/p>\n<!-- \/wp:paragraph -->\n\n<!-- wp:paragraph {\"fontSize\":\"medium\"} -->\n<p class=\"has-medium-font-size\"><strong>2020<\/strong><\/p>\n<!-- \/wp:paragraph -->\n\n<!-- wp:paragraph {\"align\":\"left\",\"fontSize\":\"normal\"} -->\n<p class=\"has-text-align-left has-normal-font-size\">Gonz\u00e1lez-Molina I, Jim\u00e9nez-Garc\u00eda B, Ma\u00edllo-Fern\u00e1ndez J-M, Baquedano E, Dom\u00ednguez Rodrigo M. 2020. Distinguishing Discoid and Centripetal Levallois methods through machine learning. <strong>PLoS ONE<\/strong> 15(12): e0244288. <a href=\"https:\/\/doi.org\/10.1371\/journal.pone.0244288\">http:\/\/doi.org\/10.1371\/journal.pone.0244288<\/a><\/p>\n<!-- \/wp:paragraph -->\n\n<!-- wp:paragraph {\"align\":\"left\",\"fontSize\":\"normal\"} -->\n<p class=\"has-text-align-left has-normal-font-size\">Mart\u00edn-Perea, D. M.; Ma\u00edllo-Fern\u00e1ndez, J. M.; Medialdea, A., Mar\u00edn, J., Solano-Meg\u00edas, I., Gidna, A., Mabulla, A. 2020.&nbsp;Revisiting an old profile: an updated geoarchaeological study at Nasera Rockshelter (Tanzania).&nbsp;<strong>Journal of Quaternary Science<\/strong>, 35(7): 951\u2013960. <a href=\"http:\/\/www.researchgate.net\/publication\/343886515_Revisiting_an_old_profile_an_updated_geoarchaeological_study_at_Nasera_Rockshelter_Tanzania\">http:\/\/www.researchgate.net\/publication\/343886515_Revisiting_an_old_profile_an_updated_geoarchaeological_study_at_Nasera_Rockshelter_Tanzania<\/a><\/p>\n<!-- \/wp:paragraph -->\n\n<!-- wp:paragraph {\"fontSize\":\"medium\"} -->\n<p class=\"has-medium-font-size\"><strong>2019<\/strong><\/p>\n<!-- \/wp:paragraph -->\n\n<!-- wp:paragraph -->\n<p>Ma\u00edllo-Fern\u00e1ndez, J. M., Solano-Meg\u00edas, I., Mabulla, A., Arriaza, M. C., Bower, J. F. R. 2019. \u201cLithic Technology at Loiyangalani, a Late Middle Stone Age Site in the Serengeti, Tanzania\u201d.&nbsp;<strong>African Archaeological Review<\/strong>&nbsp;36: 291\u2013315. <a href=\"http:\/\/www.researchgate.net\/publication\/333686975_Lithic_Technology_at_Loiyangalani_a_Late_Middle_Stone_Age_Site_in_the_Serengeti_Tanzania\">http:\/\/www.researchgate.net\/publication\/333686975_Lithic_Technology_at_Loiyangalani_a_Late_Middle_Stone_Age_Site_in_the_Serengeti_Tanzania<\/a><\/p>\n<!-- \/wp:paragraph -->\n\n<!-- wp:paragraph -->\n<p><\/p>\n<!-- \/wp:paragraph -->\n\n<!-- wp:paragraph -->\n<p>Ma\u00edllo-Fern\u00e1ndez, J.-M., Mar\u00edn, J., Solano-Meg\u00edas, I., Uribelarrea, D., Mart\u00edn-Perea, D.M., Aramendi, J., Medialdea, A., Arteaga, C., Pernas-Hern\u00e1ndez, M., Gidna, A., Neogi, S., Baudot, E., Narv\u00e1ez, C.,&nbsp;Mabulla, A.Z.P. 2019. Victoria Cabrera site: a Middle Stone Age site at Olduvai Gorge, Tanzania.&nbsp;<strong>Quaternary International<\/strong>&nbsp;526: 129-154. <a href=\"http:\/\/www.researchgate.net\/publication\/334750384_Victoria_Cabrera_Site_A_Middle_Stone_Age_site_at_Olduvai_Gorge_Tanzania\">http:\/\/www.researchgate.net\/publication\/334750384_Victoria_Cabrera_Site_A_Middle_Stone_Age_site_at_Olduvai_Gorge_Tanzania<\/a><\/p>\n<!-- \/wp:paragraph -->\n\n<!-- wp:paragraph -->\n<p>Ma\u00edllo-Fern\u00e1ndez, J. M. 2019. El origen de <em>Homo sapiens<\/em> y la Middle Stone Age en el Norte de Tanzania. En Dom\u00ednguez-Solera, D. (coord.): Cuando empez\u00e1bamos a ser nosotr@s: : Curso sobre el Paleol\u00edtico Inferior y Medio a nivel mundial, Vol. II. UIMP <a href=\"http:\/\/www.researchgate.net\/publication\/339943507_El_origen_de_Homo_sapiens_y_la_Middle_Stone_Age_en_el_Norte_de_Tanzania\">http:\/\/www.researchgate.net\/publication\/339943507_El_origen_de_Homo_sapiens_y_la_Middle_Stone_Age_en_el_Norte_de_Tanzania<\/a><\/p>\n<!-- \/wp:paragraph -->\n\n<!-- wp:paragraph {\"fontSize\":\"medium\"} -->\n<p class=\"has-medium-font-size\"><strong>2018<\/strong><\/p>\n<!-- \/wp:paragraph -->\n\n<!-- wp:paragraph -->\n<p>Ma\u00edllo-Fern\u00e1ndez, J.M., Solano-Meg\u00edas, I. 2018. La Middle Stone Age en el norte de Tanzania. Mitos y realidades. En: Septem! Homenaje a Alberto G\u00f3mez Castanedo. Editorial Acanto. <a href=\"http:\/\/www.researchgate.net\/publication\/330556828_La_Middle_Stone_Age_en_el_norte_de_Tanzania_Mitos_y_realidades\">http:\/\/www.researchgate.net\/publication\/330556828_La_Middle_Stone_Age_en_el_norte_de_Tanzania_Mitos_y_realidades<\/a><\/p>\n<!-- \/wp:paragraph -->\n\n<!-- wp:paragraph -->\n<p><\/p>\n<!-- \/wp:paragraph -->","_et_gb_content_width":"","footnotes":""},"class_list":["post-37","page","type-page","status-publish","hentry"],"_links":{"self":[{"href":"https:\/\/ndutupai.hypotheses.linhd.uned.es\/index.php?rest_route=\/wp\/v2\/pages\/37","targetHints":{"allow":["GET"]}}],"collection":[{"href":"https:\/\/ndutupai.hypotheses.linhd.uned.es\/index.php?rest_route=\/wp\/v2\/pages"}],"about":[{"href":"https:\/\/ndutupai.hypotheses.linhd.uned.es\/index.php?rest_route=\/wp\/v2\/types\/page"}],"author":[{"embeddable":true,"href":"https:\/\/ndutupai.hypotheses.linhd.uned.es\/index.php?rest_route=\/wp\/v2\/users\/2"}],"replies":[{"embeddable":true,"href":"https:\/\/ndutupai.hypotheses.linhd.uned.es\/index.php?rest_route=%2Fwp%2Fv2%2Fcomments&post=37"}],"version-history":[{"count":9,"href":"https:\/\/ndutupai.hypotheses.linhd.uned.es\/index.php?rest_route=\/wp\/v2\/pages\/37\/revisions"}],"predecessor-version":[{"id":299,"href":"https:\/\/ndutupai.hypotheses.linhd.uned.es\/index.php?rest_route=\/wp\/v2\/pages\/37\/revisions\/299"}],"wp:attachment":[{"href":"https:\/\/ndutupai.hypotheses.linhd.uned.es\/index.php?rest_route=%2Fwp%2Fv2%2Fmedia&parent=37"}],"curies":[{"name":"wp","href":"https:\/\/api.w.org\/{rel}","templated":true}]}}